{"id":669,"date":"2023-12-23T16:35:59","date_gmt":"2023-12-23T15:35:59","guid":{"rendered":"https:\/\/jackstoop.eu\/?page_id=669"},"modified":"2023-12-23T17:31:03","modified_gmt":"2023-12-23T16:31:03","slug":"lankester-wicca-boeken","status":"publish","type":"page","link":"https:\/\/jackstoop.eu\/?page_id=669","title":{"rendered":"Wicca Boeken"},"content":{"rendered":"\n<div class=\"wp-block-media-text is-stacked-on-mobile\" style=\"grid-template-columns:30% auto\"><figure class=\"wp-block-media-text__media\"><img loading=\"lazy\" decoding=\"async\" width=\"200\" height=\"168\" src=\"https:\/\/jackstoop.eu\/wp-content\/uploads\/2023\/12\/joko1-kopie.jpg\" alt=\"\" class=\"wp-image-651 size-full\"\/><\/figure><div class=\"wp-block-media-text__content\">\n<h2 class=\"wp-block-heading has-small-font-size\" style=\"font-style:normal;font-weight:500\"><span style=\"font-size:11.0pt;line-height:107%;\nfont-family:&quot;Calibri&quot;,sans-serif;mso-ascii-theme-font:minor-latin;mso-fareast-font-family:\nCalibri;mso-fareast-theme-font:minor-latin;mso-hansi-theme-font:minor-latin;\nmso-bidi-font-family:&quot;Times New Roman&quot;;mso-bidi-theme-font:minor-bidi;\nmso-ansi-language:NL;mso-fareast-language:EN-US;mso-bidi-language:AR-SA\">Het echtpaar Joke en Ko Lankester hebben ruim 30 jaar een Gardnerian Wicca coven geleid en hebben in deze tijd ook 13 boeken geschreven. <\/span><br><span style=\"font-size:11.0pt;line-height:107%;\nfont-family:&quot;Calibri&quot;,sans-serif;mso-ascii-theme-font:minor-latin;mso-fareast-font-family:\nCalibri;mso-fareast-theme-font:minor-latin;mso-hansi-theme-font:minor-latin;\nmso-bidi-font-family:&quot;Times New Roman&quot;;mso-bidi-theme-font:minor-bidi;\nmso-ansi-language:NL;mso-fareast-language:EN-US;mso-bidi-language:AR-SA\">Deze waren eerst te koop via de boekhandel en via hun eigen webshop, Circe Wicca, maar na het overlijden van Ko in 2019 zijn ze niet meer in de handel. <\/span><br><span style=\"font-size:11.0pt;line-height:107%;\nfont-family:&quot;Calibri&quot;,sans-serif;mso-ascii-theme-font:minor-latin;mso-fareast-font-family:\nCalibri;mso-fareast-theme-font:minor-latin;mso-hansi-theme-font:minor-latin;\nmso-bidi-font-family:&quot;Times New Roman&quot;;mso-bidi-theme-font:minor-bidi;\nmso-ansi-language:NL;mso-fareast-language:EN-US;mso-bidi-language:AR-SA\">Joke vindt het echter wel belangrijk dat de boeken beschikbaar blijven voor ge\u00efnteresseerden en daarom zijn ze hier te downloaden als Pdf.  <\/span><\/h2>\n\n\n\n<h2 class=\"wp-block-heading has-small-font-size\" style=\"font-style:normal;font-weight:500\">De boeken zijn gratis, maar het overmaken van een donatie naar een zelfgekozen goed doel wordt op prijs gesteld.<\/h2>\n<\/div><\/div>\n\n\n\n<div class=\"wp-block-media-text is-stacked-on-mobile\" style=\"grid-template-columns:18% auto\"><figure class=\"wp-block-media-text__media\"><img loading=\"lazy\" decoding=\"async\" width=\"141\" height=\"200\" src=\"https:\/\/jackstoop.eu\/wp-content\/uploads\/2023\/12\/kaft-kringloop.jpg\" alt=\"\" class=\"wp-image-661 size-full\"\/><\/figure><div class=\"wp-block-media-text__content\">\n<h2 class=\"wp-block-heading has-small-font-size\" style=\"font-style:normal;font-weight:500\">In <strong>\u2019De kringloop van het leven\u2019<\/strong> geven Joke en Ko hun visie op Wicca, de oude religie. De ontstaansgeschiedenis van Wicca wordt uitgebreid beschreven waarna er hoofdstukken volgen over de Godin en de God, de coven, rituelen en feesten, magie, divinatie, meditatie, overgangsrituelen en de rol van muziek, zang, dans en spel binnen Wicca. Het boek geeft een uitgebreide en gedegen uitleg over Wicca als religie en alles wat hiermee samenhangt. Voor zowel gevorderde wiccans als ge\u00efnteresseerde leken is het een belangrijke bron van informatie.<br><br><a href=\"https:\/\/drive.google.com\/file\/d\/1Cw2kTcwjbcWlHJKtNyRrsaALNpvdD2yB\/view?usp=sharing\" target=\"_blank\" rel=\"noreferrer noopener\">De kringloop van het leven<\/a><\/h2>\n<\/div><\/div>\n\n\n\n<div class=\"wp-block-media-text is-stacked-on-mobile\" style=\"grid-template-columns:16% auto\"><figure class=\"wp-block-media-text__media\"><img loading=\"lazy\" decoding=\"async\" width=\"268\" height=\"400\" src=\"https:\/\/jackstoop.eu\/wp-content\/uploads\/2023\/12\/kaft-jaarfeesten-v2.jpg\" alt=\"\" class=\"wp-image-660 size-full\" srcset=\"https:\/\/jackstoop.eu\/wp-content\/uploads\/2023\/12\/kaft-jaarfeesten-v2.jpg 268w, https:\/\/jackstoop.eu\/wp-content\/uploads\/2023\/12\/kaft-jaarfeesten-v2-201x300.jpg 201w\" sizes=\"auto, (max-width: 268px) 100vw, 268px\" \/><\/figure><div class=\"wp-block-media-text__content\">\n<h2 class=\"wp-block-heading has-small-font-size\" style=\"font-style:normal;font-weight:500\"><strong>\u2018De acht jaarfeesten\u2019<\/strong> begint met een korte beschrijving van het moderne Paganisme of Heidendom, de geschiedenis van de acht jaarfeesten en een uitleg hoe je deze ritueel kunt vieren. Deze uitleg is sterk ge\u00ebnt op Wicca, maar ook bruikbaar voor mensen van andere tradities. Hierna worden de jaarfeesten van Samhain tot en met het herfstfeest afzonderlijk beschreven waarbij de voorlopers van het jaarfeest bij de oude Grieken, Romeinen, Kelten en Germanen en de manieren waarop deze in het Christendom vorm kregen uitvoering beschreven worden. Bij elk jaarfeest wordt verder een voorbeeldritueel en meditatie gegeven om zelf het feest mee te vieren, inclusief recepten voor bijbehorende wierook, wijn en gebak.<br><br><a href=\"https:\/\/drive.google.com\/file\/d\/1xh8kV_IsBvuwSZ-aw4mJGPpD4pIULlrk\/view?usp=sharing\" target=\"_blank\" rel=\"noreferrer noopener\">De acht jaarfeesten<\/a><\/h2>\n<\/div><\/div>\n\n\n\n<div class=\"wp-block-media-text is-stacked-on-mobile\" style=\"grid-template-columns:18% auto\"><figure class=\"wp-block-media-text__media\"><img loading=\"lazy\" decoding=\"async\" width=\"133\" height=\"200\" src=\"https:\/\/jackstoop.eu\/wp-content\/uploads\/2023\/12\/kaft-maanfeesten.jpg\" alt=\"\" class=\"wp-image-662 size-full\"\/><\/figure><div class=\"wp-block-media-text__content\">\n<h2 class=\"wp-block-heading has-small-font-size\" style=\"font-style:normal;font-weight:500\">Het <strong>\u2018Vieren van de Maanfeesten\u2019<\/strong> was het eerste boek en is alleen geschreven door Ko Lankester zonder veel bemoeienis van Joke. De oorspronkelijke titel was \u2018De Keltische maankalender in het zonnejaar\u2019 en die geeft meteen de inhoud goed weer. Ko beschrijft in het boek een maankalender van 12 of 13 lunaties, maancycli van donkere maan via het eerste kwartier, volle maan, laatste kwartier tot weer donkere maan, die ingepast zijn in het zonnejaar met de acht jaarfeesten. Zo is bijvoorbeeld de \u2018Maan van de langste nacht \u2018 de lunatie van de eerste volle maan na midwinter. De maankalender eindigt met de \u2018Boommaan\u2019, een lunatie die slechts zeven keer per 19 jaar voorkomt als het zonnejaar 13 in plaats van 12 volle manen heeft. Elke maan in de kalender is gekoppeld aan een ogham boom en heeft een betekenis die past bij de tijd van het jaar waarin hij valt. Zo is de \u2018Maan van het weerlicht\u2019 verbonden met de hazelaar\/coll en staat voor wijsheid. De botanische kenmerken van de hazelaar worden beschreven, de rol van de hazelaar in mythologie (Keltisch, Germaans en Klassiek) en volksgeloof evenals folkloristische gebruiken waarin de hazelaar een rol speelt. Voor elke maan worden suggesties gegeven hoe je deze kunt vieren inclusief een recept voor bijpassende wierook, wijn en gebak.<br><br><a href=\"https:\/\/drive.google.com\/file\/d\/1N503pXuf18Ni19F4XQGlw9hLZK6ClnHK\/view?usp=sharing\" target=\"_blank\" rel=\"noreferrer noopener\">Het vieren van de maanfeesten<\/a><\/h2>\n<\/div><\/div>\n\n\n\n<div class=\"wp-block-media-text is-stacked-on-mobile\" style=\"grid-template-columns:15% auto\"><figure class=\"wp-block-media-text__media\"><img loading=\"lazy\" decoding=\"async\" width=\"130\" height=\"200\" src=\"https:\/\/jackstoop.eu\/wp-content\/uploads\/2023\/12\/kaft-heksen-maan.jpg\" alt=\"\" class=\"wp-image-658 size-full\"\/><\/figure><div class=\"wp-block-media-text__content\">\n<h2 class=\"wp-block-heading has-small-font-size\" style=\"font-style:normal;font-weight:500\"><strong>\u2018Heksen komen van de maan\u2019<\/strong> is een interessant basisboek over Wicca. Alle relevante onderwerpen zoals de oorsprong van Wicca, de rituelen, de jaar- en maanfeesten, divinatie en magie worden besproken op een beknopte maar grondige manier. Wat dit boek echter vooral de moeite van het lezen waard maakt, is dat het helemaal geschreven is vanuit de eigen ervaring van Joke en Ko. Het gaat over hun pad naar Wicca, over de werkwijze van hun coven en over hun visie op de rituelen, feesten en magie. Dit maakt \u2018Heksen komen van de maan\u2019 tot een boek dat niet alleen informatief is maar ook een zeldzaam inkijkje geeft in de gang van zaken binnen een coven.<br><br><a href=\"https:\/\/drive.google.com\/file\/d\/1M9jDqn5SqT6WBjfhGE5i3n_PVtZz39DY\/view?usp=sharing\" target=\"_blank\" rel=\"noreferrer noopener\">Heksen komen van de maan.<\/a><\/h2>\n<\/div><\/div>\n\n\n\n<div class=\"wp-block-media-text is-stacked-on-mobile\" style=\"grid-template-columns:15% auto\"><figure class=\"wp-block-media-text__media\"><img loading=\"lazy\" decoding=\"async\" width=\"132\" height=\"200\" src=\"https:\/\/jackstoop.eu\/wp-content\/uploads\/2023\/12\/kaft-spreuken.jpg\" alt=\"\" class=\"wp-image-665 size-full\"\/><\/figure><div class=\"wp-block-media-text__content\">\n<h2 class=\"wp-block-heading has-small-font-size\" style=\"font-style:normal;font-weight:500\"><strong>\u2018Het magische spreukenboek\u2019<\/strong> is een echt doe-boek. Het beschrijft eerst wat spreuken en magie precies zijn en daarna de geschiedenis van de magische spreuken vanaf de Soemeri\u00ebrs via Mesopetami\u00eb, Egypte, de Grieken en Romeinen, de Middeleeuwen en de Renaissance tot nu. Dan volgt een uitgebreid hoofdstuk over het zelf maken en gebruiken van spreuken en tenslotte een aantal hoofdstukken waarin spreuken voor bepaalde magische doelen als gezondheid, relaties, bescherming, studie, werk, huisvesting, spirituele ontwikkeling en spreuken om magisch verandering te brengen in ongewenste situaties.<br><br><a href=\"https:\/\/drive.google.com\/file\/d\/1fgFw6CyFb0gQlylVF5wTJDGYg8kcmjtn\/view?usp=sharing\" target=\"_blank\" rel=\"noreferrer noopener\">Het magische spreukenboek<\/a><\/h2>\n<\/div><\/div>\n\n\n\n<div class=\"wp-block-media-text is-stacked-on-mobile\" style=\"grid-template-columns:18% auto\"><figure class=\"wp-block-media-text__media\"><img loading=\"lazy\" decoding=\"async\" width=\"133\" height=\"200\" src=\"https:\/\/jackstoop.eu\/wp-content\/uploads\/2023\/12\/kaft-wierook.jpg\" alt=\"\" class=\"wp-image-667 size-full\"\/><\/figure><div class=\"wp-block-media-text__content\">\n<h2 class=\"wp-block-heading has-small-font-size\" style=\"font-style:normal;font-weight:500\"><strong>\u2018De magie van wierook\u2019<\/strong> is volgens de kaft het meest complete boek over wierook en dat kan best wel kloppen. Na een korte inleiding over de geschiedenis en het magisch gebruik van wierook volgt een lange opsomming van harsen en kruiden die in wierook verwerkt kunnen worden. Van elk ingredi\u00ebnt wordt vermeld wat voor plant of hars het is, waar het groeit, welke delen te gebruiken zijn en hoe je het kunt oogsten. Naast de Nederlandse en latijnse naam worden de Engelse en Duitse namen en oude volksnamen gegeven en uitgelegd. Verder worden nog de magische toepassingen uitgebreid beschreven. Het boek eindigt tenslotte met tientallen wierookrecepten voor de verschillende jaarfeesten en andere rituelen, voor verschillende goden en godinnen en voor verschillende magische doeleinden als het aantrekken van liefde, een veilige reis, een nieuwe woning vinden en healing. Een echt doe-boek.<br><br><a href=\"https:\/\/drive.google.com\/file\/d\/1rGqTNvBuVf9Liqsr7PHfmwEWZaad-6kn\/view?usp=sharing\" target=\"_blank\" rel=\"noreferrer noopener\">De magie van wierook<\/a><\/h2>\n<\/div><\/div>\n\n\n\n<div class=\"wp-block-media-text is-stacked-on-mobile\" style=\"grid-template-columns:19% auto\"><figure class=\"wp-block-media-text__media\"><img loading=\"lazy\" decoding=\"async\" width=\"132\" height=\"200\" src=\"https:\/\/jackstoop.eu\/wp-content\/uploads\/2023\/12\/kaft-orakels.jpg\" alt=\"\" class=\"wp-image-664 size-full\"\/><\/figure><div class=\"wp-block-media-text__content\">\n<h2 class=\"wp-block-heading has-small-font-size\" style=\"font-style:normal;font-weight:500\">Wie een handboek over verschillende manieren van divineren komt bij <strong>\u2018De taal van de orakels\u2019<\/strong> enigszins bedrogen uit. In het boek worden weliswaar enkele methoden om te divineren zoals de ogham, runen, handlezen en het lezen van inktvlekken in water beschreven, maar het boek gaat toch vooral over de geschiedenis van het divineren vanaf de vroege oudheid tot nu. Joke en Ko onderscheiden zeven vormen van divinatie, droomduiding, het raadplegen van geesten en demonen, orakelen, het lezen van voortekens, divineren met bewegingen van bijvoorbeeld een beeld of pendel, divineren met patronen als de sterrenhemel of de lijnen in een hand en het werpen van het lot door middel van bijvoorbeeld runen of kaarten. Van elk van deze zeven vormen wordt de geschiedenis en de ontwikkeling van verschillende divinatiemethoden beschreven. Zo wordt de droomduiding beschreven van het Soemerische rijk tot en met Freud en worden de wortels van de wichelroede teruggevoerd tot een boek uit 1556 over het opsporen van metalen en ertsen in de bodem. <br><br><a href=\"https:\/\/drive.google.com\/file\/d\/1WH5uC2p-0kjYDabzykiUmdoIO2KMDTqm\/view?usp=sharing\" target=\"_blank\" rel=\"noreferrer noopener\">De taal van de orakels<\/a><\/h2>\n<\/div><\/div>\n\n\n\n<div class=\"wp-block-media-text is-stacked-on-mobile\" style=\"grid-template-columns:22% auto\"><figure class=\"wp-block-media-text__media\"><img loading=\"lazy\" decoding=\"async\" width=\"204\" height=\"300\" src=\"https:\/\/jackstoop.eu\/wp-content\/uploads\/2023\/12\/kaft-groene-man-NL.jpg\" alt=\"\" class=\"wp-image-655 size-full\"\/><\/figure><div class=\"wp-block-media-text__content\">\n<h2 class=\"wp-block-heading has-small-font-size\" style=\"font-style:normal;font-weight:500\"><strong>De Groene Man en de Groene Vrouw in Nederland\u2019<\/strong> is een reisgids langs groene mannen en vrouwen in 27 steden door heel Nederland, van Amsterdam naar Deventer en van Groningen naar Maastricht. Joke en Ko hebben door heel Nederland groene mannen en vrouwen gespot en op de foto gezet. Deze foto\u2019s met een beschrijving en de vindplaats staan allemaal in dit boek. En als toegift hebben ze er ook hun eigen privecollectie groene mannen en vrouwen in gezet.<br><br><a href=\"https:\/\/drive.google.com\/file\/d\/1vtHZQ5Es084XoquvhhrHrn9bTViRETCq\/view?usp=sharing\" target=\"_blank\" rel=\"noreferrer noopener\">Groene man en groene vrouw in Nederland<\/a><\/h2>\n<\/div><\/div>\n\n\n\n<div class=\"wp-block-media-text is-stacked-on-mobile\" style=\"grid-template-columns:22% auto\"><figure class=\"wp-block-media-text__media\"><img loading=\"lazy\" decoding=\"async\" width=\"212\" height=\"300\" src=\"https:\/\/jackstoop.eu\/wp-content\/uploads\/2023\/12\/kaft-gg2.jpg\" alt=\"\" class=\"wp-image-653 size-full\"\/><\/figure><div class=\"wp-block-media-text__content\">\n<h2 class=\"wp-block-heading has-small-font-size\" style=\"font-style:normal;font-weight:500\"> <p class=\"MsoNormal\">De <b>\u2018Encyclopedie van Westerse Goden en Godinnen\u2019<\/b> is de eerste encyclopedie die joke en Ko geschreven hebben. Ze beschrijven hierin achtereenvolgens de goden en godinnen van het Nabije Oosten, Egypte, de oude Grieken, de Romeinen, de Kelten en de Germanen. Eerst wordt telkens de geschiedenis van de desbetreffende cultuur of volk beschreven en daarna in alfabetische volgorde hun godenwereld.<\/p><br><a href=\"https:\/\/drive.google.com\/file\/d\/1Ze8BHfpg8QVtqcVVXnORcHaraE8IX0l4\/view?usp=sharing\" target=\"_blank\" rel=\"noreferrer noopener\">Westerse Goden en Godinnen deel 1: prehistorie tm Egypte<\/a><br><br><a href=\"https:\/\/drive.google.com\/file\/d\/13-ZbkASEk5Toc0lffHKvKixeeHN9Sm1V\/view?usp=sharing\" target=\"_blank\" rel=\"noreferrer noopener\">Westerse Goden en Godinnen deel 2: Griekse beschaving<\/a><br><br><a href=\"https:\/\/drive.google.com\/file\/d\/1AbH-E4yAnE21VvJeuu5PliNQWK4Ns9Og\/view?usp=sharing\" target=\"_blank\" rel=\"noreferrer noopener\">Westerse Goden en Godinnen deel 3: Romeinen tm Germanen<\/a><\/h2>\n<\/div><\/div>\n\n\n\n<div class=\"wp-block-media-text is-stacked-on-mobile\" style=\"grid-template-columns:16% auto\"><figure class=\"wp-block-media-text__media\"><img loading=\"lazy\" decoding=\"async\" width=\"206\" height=\"300\" src=\"https:\/\/jackstoop.eu\/wp-content\/uploads\/2023\/12\/kaft-india.jpg\" alt=\"\" class=\"wp-image-659 size-full\"\/><\/figure><div class=\"wp-block-media-text__content\">\n<h2 class=\"wp-block-heading has-small-font-size\" style=\"font-style:normal;font-weight:500\">De <strong>\u2018Ge\u00efllustreerde encyclopedie van Indiase Goden en Godinnen\u2019<\/strong> is de tweede encyclopedie van Joke en Ko en is voortgekomen uit de vele reizen van Joke naar India. Het boek beschrijft eerst de geschiedenis van India, daarna het Hindoe\u00efsme en vervolgens een groot aantal hindoe\u00efstische goden en godinnen. Tenslotte komen ook nog het Boeddhisme en het Ja\u00efnisme aan bod. Deze encyclopedie is, net als alle boeken van Joke en Ko, gedegen geschreven en daarnaast ook nog rijk ge\u00efllustreerd met door Joke gemaakte foto\u2019s.<br><br><a href=\"https:\/\/drive.google.com\/file\/d\/1MpIq-Yfzqf6loJJQN2GUOjZ_3L0BdYdd\/view?usp=sharing\" target=\"_blank\" rel=\"noreferrer noopener\">Encyclopedie van Indiase Goden en Godinnen<\/a><\/h2>\n<\/div><\/div>\n\n\n\n<div class=\"wp-block-media-text is-stacked-on-mobile\" style=\"grid-template-columns:18% auto\"><figure class=\"wp-block-media-text__media\"><img loading=\"lazy\" decoding=\"async\" width=\"200\" height=\"300\" src=\"https:\/\/jackstoop.eu\/wp-content\/uploads\/2023\/12\/kaft-heiligen.jpg\" alt=\"\" class=\"wp-image-657 size-full\"\/><\/figure><div class=\"wp-block-media-text__content\">\n<h2 class=\"wp-block-heading has-small-font-size\" style=\"font-style:normal;font-weight:500\"><strong>\u2018De Magie van Heiligen\u2019<\/strong> is de derde en laatste encyclopedie van Joke en Ko. Dit boek begint met een beschrijving van wat (Christelijke) heiligen eigenlijk zijn, hoe ze vereerd worden en wat hun link met Paganisme is. Na deze inleiding komen in alfabetische volgorde een groot aantal (maar lang niet alle 10.000) heiligen aan bod. Hun leven wordt beschreven, de manier waarop ze worden afgebeeld, waar en hoe ze vereerd worden en waarvoor je hun hulp kunt inroepen. Dit boek is in twee delen te downloaden.<br><br><a href=\"https:\/\/drive.google.com\/file\/d\/1qGn1bPAPfjbcvpOtz_ZLpEOjYqw1tjKB\/view?usp=sharing\" target=\"_blank\" rel=\"noreferrer noopener\">De magie van heiligen deel 1: tm Joachim<\/a><br><br><a href=\"https:\/\/drive.google.com\/file\/d\/1buvs7awnbL97z4KTvTd3XNeVmCWj7nju\/view?usp=sharing\" target=\"_blank\" rel=\"noreferrer noopener\">De magie van heiligen deel 2: vanaf Johannes de doper<\/a><\/h2>\n<\/div><\/div>\n\n\n\n<div class=\"wp-block-media-text is-stacked-on-mobile\" style=\"grid-template-columns:22% auto\"><figure class=\"wp-block-media-text__media\"><img loading=\"lazy\" decoding=\"async\" width=\"257\" height=\"350\" src=\"https:\/\/jackstoop.eu\/wp-content\/uploads\/2023\/12\/ritueel.jpg\" alt=\"\" class=\"wp-image-668 size-full\" srcset=\"https:\/\/jackstoop.eu\/wp-content\/uploads\/2023\/12\/ritueel.jpg 257w, https:\/\/jackstoop.eu\/wp-content\/uploads\/2023\/12\/ritueel-220x300.jpg 220w\" sizes=\"auto, (max-width: 257px) 100vw, 257px\" \/><\/figure><div class=\"wp-block-media-text__content\">\n<h2 class=\"wp-block-heading has-small-font-size\" style=\"font-style:normal;font-weight:500\">Behalve boeken hebben Joke en Ko ook verschillende cursussen uitgegeven. Deze zijn hier te downloaden.<br><br><a href=\"https:\/\/drive.google.com\/file\/d\/1ZxyC6afBzIrlFPesXCrTpVdnXIIIJl7v\/view?usp=sharing\" target=\"_blank\" rel=\"noreferrer noopener\">cursus Het vieren van de Jaarfeesten<\/a><br><br><a href=\"https:\/\/drive.google.com\/file\/d\/1L2UosR6DcPOFk_0vZmhlOr-aplsMUmM-\/view?usp=sharing\" target=\"_blank\" rel=\"noreferrer noopener\">cursus Het vieren van de maanfeesten<\/a><br><br><a href=\"https:\/\/drive.google.com\/file\/d\/19Ak2KCN4pXwSolcrgMJV0BPFJsy3eE0c\/view?usp=sharing\" target=\"_blank\" rel=\"noreferrer noopener\">cursus Magie<\/a><\/h2>\n<\/div><\/div>\n\n\n\n<div class=\"wp-block-media-text is-stacked-on-mobile\" style=\"grid-template-columns:20% auto\"><figure class=\"wp-block-media-text__media\"><img loading=\"lazy\" decoding=\"async\" width=\"141\" height=\"200\" src=\"https:\/\/jackstoop.eu\/wp-content\/uploads\/2023\/12\/kaft-wereldstad.jpg\" alt=\"\" class=\"wp-image-666 size-full\"\/><\/figure><div class=\"wp-block-media-text__content\">\n<div class=\"wp-block-media-text is-stacked-on-mobile\" style=\"grid-template-columns:28% auto\"><figure class=\"wp-block-media-text__media\"><img loading=\"lazy\" decoding=\"async\" width=\"141\" height=\"200\" src=\"https:\/\/jackstoop.eu\/wp-content\/uploads\/2023\/12\/kaft-madoc.jpg\" alt=\"\" class=\"wp-image-663 size-full\"\/><\/figure><div class=\"wp-block-media-text__content\">\n<h2 class=\"wp-block-heading has-small-font-size\" style=\"font-style:normal;font-weight:500\">Naast boeken over Wicca, magie, Goden en Godinnen samen met Joke, heeft Ko ook twee spirituele romans geschreven: &#8216;Het mysterie van Wereldstad&#8217; en &#8216;Het mysterie van Madoc&#8217;. Ook deze zijn hier te downloaden.<br><br><a href=\"https:\/\/drive.google.com\/file\/d\/1cpoDQI81qreFQULrTZqKjt_7DsCHa9f4\/view?usp=sharing\" target=\"_blank\" rel=\"noreferrer noopener\">Het mysterie van Wereldstad<\/a><br><br><a href=\"https:\/\/drive.google.com\/file\/d\/17_9Qzx3SQ-ghOeUErfkZTHXq171Cl7Tu\/view?usp=sharing\" target=\"_blank\" rel=\"noreferrer noopener\">Het mysterie van Madoc<\/a><\/h2>\n<\/div><\/div>\n<\/div><\/div>\n","protected":false},"excerpt":{"rendered":"<p>Het echtpaar Joke en Ko Lankester hebben ruim 30 jaar een Gardnerian Wicca coven geleid en hebben in deze tijd ook 13 boeken geschreven. Deze waren eerst te koop via de boekhandel en via hun eigen webshop, Circe Wicca, maar na het overlijden van Ko in 2019 zijn ze niet meer in de handel. Joke [&hellip;]<\/p>\n","protected":false},"author":1,"featured_media":0,"parent":0,"menu_order":0,"comment_status":"closed","ping_status":"closed","template":"","meta":{"footnotes":""},"class_list":["post-669","page","type-page","status-publish","hentry"],"_links":{"self":[{"href":"https:\/\/jackstoop.eu\/index.php?rest_route=\/wp\/v2\/pages\/669","targetHints":{"allow":["GET"]}}],"collection":[{"href":"https:\/\/jackstoop.eu\/index.php?rest_route=\/wp\/v2\/pages"}],"about":[{"href":"https:\/\/jackstoop.eu\/index.php?rest_route=\/wp\/v2\/types\/page"}],"author":[{"embeddable":true,"href":"https:\/\/jackstoop.eu\/index.php?rest_route=\/wp\/v2\/users\/1"}],"replies":[{"embeddable":true,"href":"https:\/\/jackstoop.eu\/index.php?rest_route=%2Fwp%2Fv2%2Fcomments&post=669"}],"version-history":[{"count":16,"href":"https:\/\/jackstoop.eu\/index.php?rest_route=\/wp\/v2\/pages\/669\/revisions"}],"predecessor-version":[{"id":695,"href":"https:\/\/jackstoop.eu\/index.php?rest_route=\/wp\/v2\/pages\/669\/revisions\/695"}],"wp:attachment":[{"href":"https:\/\/jackstoop.eu\/index.php?rest_route=%2Fwp%2Fv2%2Fmedia&parent=669"}],"curies":[{"name":"wp","href":"https:\/\/api.w.org\/{rel}","templated":true}]}}